{"id":16,"date":"2013-01-25T19:00:37","date_gmt":"2013-01-25T18:00:37","guid":{"rendered":"http:\/\/www.lion-of-judah.eu\/cah\/?page_id=10"},"modified":"2013-01-25T19:00:37","modified_gmt":"2013-01-25T18:00:37","slug":"uber-uns","status":"publish","type":"page","link":"https:\/\/churchathome.lion-of-judah.net\/","title":{"rendered":"V i s i o n"},"content":{"rendered":"\n<p><\/p>\n\n\n\n<p>Wir sind Gemeinde !!!. Das griechische Wort ekklesia geht auf die Bestandteile ek (\u201cheraus\u201d) und kaleo (\u201crufen\u201d) zur\u00fcck.. Ekkaleo bedeutet \u201cherausrufen\u201d.<br>Aus diesem Grund versteht man unter Gemeinde, die &#8222;Herausgerufenen&#8220;. Sie ist die Gemeinschaft der Gl\u00e4ubigen, die aus der Welt \u201cherausgerufen wurden\u201d. Eine Gemeinschaft von an Jesus Christus gl\u00e4ubigen Personen kann \u00fcberall stattfinden. Es ist weder Orts noch zeitgebunden. &#8211; deshalb sind wir alle Gemeinde!<br>Du bist das Salz der Erde und das Licht in der Finsternis&#8230; sei salzig und hell f\u00fcr IHN&#8230; in der Gegend wo Du wohnst und arbeitest! Mach`einen Unterschied &#8211; aus Liebe zu IHM!<\/p>\n\n\n\n<p>Lk 11,33&nbsp; vgl. Mt 5,15; 6,22.23S<br>33 Niemand aber, der eine Leuchte angez\u00fcndet hat, stellt sie ins Versteck, auch nicht unter den Scheffel, sondern auf das Lampengestell, damit die Hereinkommenden den Schein sehen.<\/p>\n\n\n\n<p>Unsere Vision f\u00fcr Lion of Judah besteht aus diesen Gruppierungen, die sich in den H\u00e4usern (Wohnungen, Zelten, Wohnwagen, unter freiem Himmel etc.) treffen. Jeder der gerne sein Haus und Herz \u00f6ffnet, um Menschen, die Chance zu geben, die Liebe Gottes durch Jesus Christus, seinen Heiligen Geist und die Gemeinschaft untereinander und gegenseitige Hilfeleistung zu erfahren, ist so eine church @ home.<\/p>\n\n\n\n<p>Diese Art von Gemeinschaft nennt die Bibel auch J\u00fcngerschaft. Es ist ein miteinander und f\u00fcreinander mit Jesus und der Bibel als Zentrum unseres Handelns. siehe &#8230;<\/p>\n\n\n\n<p>Mt 18,20<br>Denn wo zwei oder drei versammelt sind in meinem Namen, da bin ich in ihrer Mitte.<\/p>\n\n\n\n<p>Lk 14,23<br>Und der Herr sprach zu dem Knecht: Geh hinaus auf die Wege und an die Z\u00e4une und n\u00f6tige sie hereinzukommen, dass mein Haus voll werde!<\/p>\n\n\n\n<p>Jesaja 58, 7<br>Besteht es nicht darin, dein Brot dem Hungrigen zu brechen und dass du heimatlose Elende ins Haus f\u00fchrst? Wenn du einen Nackten siehst, dass du ihn bedeckst und dass du dich deinem N\u00e4chsten nicht entziehst?<\/p>\n\n\n\n<p>Epheser 3, 14-21&nbsp; F\u00fcrbitte und Lobpreis<br>14 Deshalb beuge ich meine Knie vor dem Vater<br>15 von dem jede Vaterschaft in den Himmeln und auf Erden benannt wird:<br>16 Er gebe euch nach dem Reichtum seiner Herrlichkeit, mit Kraft gest\u00e4rkt zu werden durch seinen Geist an dem inneren Menschen;<br>17 dass der Christus durch den Glauben in euren Herzen wohne und ihr in Liebe gewurzelt und gegr\u00fcndet seid<br>18 damit ihr imstande seid, mit allen Heiligen v\u00f6llig zu erfassen, was die Breite und L\u00e4nge und H\u00f6he und Tiefe ist,<br>19 und zu erkennen die die Erkenntnis \u00fcbersteigende Liebe des Christus, damit ihr erf\u00fcllt werdet zur ganzen F\u00fclle Gottes.<br>20 Dem aber, der \u00fcber alles hinaus zu tun vermag, \u00fcber die Ma\u00dfen mehr, als wir erbitten oder erdenken, gem\u00e4\u00df der Kraft, die in uns wirkt,<br>21 ihm sei die Herrlichkeit in der Gemeinde und in Christus Jesus auf alle Geschlechter hin von Ewigkeit zu Ewigkeit! Amen..<\/p>\n\n\n\n<p>church @ home oder biblische Gemeinschaft zu hause&#8230; ist frei von Zw\u00e4ngen und Erwartungen. Jeder kann kommen und gehen. Es soll ein Ort des Austausches, der Lehre, der Freude, des Gebetes und der gegenseitigen Hilfeleistung sein. Gem\u00e4\u00df den F\u00e4higkeiten und Gaben und Wollen jedes Einzelnen. <br>Da wir im Zeitalter des Computers und der modernen Medien leben, wird unsere Gemeinschaft auch \u00fcber Telefon, chat, emails etc. gew\u00e4hrleistet.<br>Im Geist gibt es keine r\u00e4umliche Distanz. Vielleicht hast Du das auch schon erlebt; manche Menschen, die tausende von Kilometern entfernt wohnen, sind Dir innerlich n\u00e4her als vielleicht Dein Nachbar um die Ecke. Gemeinschaft ist super und richtig aber sie braucht eine gewisse<br>Hingabe und Investition! &#8230; da wir alle so anders sind \ud83d\ude42\u00a0 Jede Gemeinschaft braucht eine gewisse Struktur, wobei ich pers\u00f6nlich glaube, da\u00df die Liebe untereinander die h\u00f6chste Form von Gemeinde ist. Wenn wir uns wirklich lieben k\u00f6nnen, brauchen wir keine Kommandozentrale&#8230; sondern ER allein ist der Herr, so wie es sein soll.<\/p>\n\n\n\n<p>Es gr\u00fc\u00dft\u00a0 von ganzem Herzen <\/p>\n\n\n\n<p>Bernd und Sabine Hagel<\/p>\n\n\n\n<p><\/p>\n\n\n\n<figure class=\"wp-block-image\"><img decoding=\"async\" src=\"https:\/\/www.paypalobjects.com\/de_DE\/i\/scr\/pixel.gif\" alt=\"\" \/><\/figure>\n","protected":false},"excerpt":{"rendered":"<p>Wir sind Gemeinde !!!. Das griechische Wort ekklesia geht auf die Bestandteile ek (\u201cheraus\u201d) und kaleo (\u201crufen\u201d) zur\u00fcck.. Ekkaleo bedeutet \u201cherausrufen\u201d.Aus diesem Grund versteht man unter Gemeinde, die &#8222;Herausgerufenen&#8220;. Sie ist die Gemeinschaft der Gl\u00e4ubigen, die aus der Welt \u201cherausgerufen wurden\u201d. Eine Gemeinschaft von an Jesus Christus gl\u00e4ubigen Personen kann \u00fcberall stattfinden. Es ist weder [&hellip;]<\/p>\n","protected":false},"author":1,"featured_media":248,"parent":0,"menu_order":0,"comment_status":"open","ping_status":"closed","template":"","meta":{"footnotes":""},"class_list":["post-16","page","type-page","status-publish","has-post-thumbnail","hentry"],"_links":{"self":[{"href":"https:\/\/churchathome.lion-of-judah.net\/index.php?rest_route=\/wp\/v2\/pages\/16","targetHints":{"allow":["GET"]}}],"collection":[{"href":"https:\/\/churchathome.lion-of-judah.net\/index.php?rest_route=\/wp\/v2\/pages"}],"about":[{"href":"https:\/\/churchathome.lion-of-judah.net\/index.php?rest_route=\/wp\/v2\/types\/page"}],"author":[{"embeddable":true,"href":"https:\/\/churchathome.lion-of-judah.net\/index.php?rest_route=\/wp\/v2\/users\/1"}],"replies":[{"embeddable":true,"href":"https:\/\/churchathome.lion-of-judah.net\/index.php?rest_route=%2Fwp%2Fv2%2Fcomments&post=16"}],"version-history":[{"count":0,"href":"https:\/\/churchathome.lion-of-judah.net\/index.php?rest_route=\/wp\/v2\/pages\/16\/revisions"}],"wp:featuredmedia":[{"embeddable":true,"href":"https:\/\/churchathome.lion-of-judah.net\/index.php?rest_route=\/wp\/v2\/menu-items\/248"}],"wp:attachment":[{"href":"https:\/\/churchathome.lion-of-judah.net\/index.php?rest_route=%2Fwp%2Fv2%2Fmedia&parent=16"}],"curies":[{"name":"wp","href":"https:\/\/api.w.org\/{rel}","templated":true}]}}