{"id":228,"date":"2017-02-11T20:18:34","date_gmt":"2017-02-11T19:18:34","guid":{"rendered":"http:\/\/www.lion-of-judah.eu\/cah\/?page_id=228"},"modified":"2017-02-11T20:18:34","modified_gmt":"2017-02-11T19:18:34","slug":"vom-satansknecht-zum-mann-gottes","status":"publish","type":"page","link":"https:\/\/churchathome.lion-of-judah.net\/?page_id=228","title":{"rendered":"Vom Satansknecht zum Mann Gottes"},"content":{"rendered":"<p>Am 29. Mai 1963 erblicke ich, Ralf Brecht, das Licht, die Welt. Meine Mutter Hausfrau, mein Vater Zeitsoldat und mein 2 Jahre \u00e4lterer Bruder Eric. 1968 kommt meine Schwester Christine hinzu. Durch meines Vaters Beruf ziehen wir oft um. 1972 landen wir in einem 300 Seelen Dorf \u201eBieste\u201c im Landkreis Osnabr\u00fcck. Was ich bis hier in Erinnerung habe, sind ein paar sch\u00f6ne Stunden, Tage mit Kumpels, meiner Mutter, meinem Vater und Gewaltausbr\u00fcche meines Vaters meiner Mutter gegen\u00fcber. Ich fing an zu rauchen, Zigaretten, und Bier zu trinken. 1974 lie\u00dfen sich meine Eltern scheiden und unser Vater mu\u00dfte gehen. Jetzt gings los, mehr Trinkerei und Saufgelage, Schl\u00e4gereien und Kleinkriminalit\u00e4t. 1978 wurde ich konfirmiert. 1979 sagte ich Gott, er soll sein Ding machen und ich mache meins. Nach Rausschmiss vom Gymnasium, 2x sitzen geblieben kam Realschule mit Abschluss. Dann ging ich zum Bundesgrentzschutz f\u00fcr 1,5 Jahre, h\u00f6rte auf, zuviel Gewalt und Sauferei. Habe dann meine Kellnerlehre gemacht, bestanden und durch die gro\u00dfe weite Welt gezogen. Unter anderem Amerika, Schweiz und Traumschiff. Dort kam ich auf Kokain, nat\u00fcrlich genug Alkohol und Rauschgift, alles was man rauchen konnte + Pillen. 1988 traf ich dann die Mutter meiner 1. Tochter, wollte diese auch heiraten, sie mich aber nicht. Das ging bis1994. Dann begann ich meine Arbeit wo ich heute noch bin. 1997 hatte ich eine Beziehung mit einer Franz\u00f6sin und Tochter Nr. 2 war da. Diese Beziehung endete daraufhin sofort. Ach, den F\u00fchrerschein war ich auch los, schon das 3. Mal wegen Alkohol. Schwere Auto u. Motorradunf\u00e4lle mit argen Personensch\u00e4den. Normalerweise und nach Polizeiberichten h\u00e4tte ich schon \u00f6fter tot sein sollen. Habe 2 Idiotentests bestanden. 1994 sah ich zum ersten Mal meine jetzige Frau, Diana. Ihrer Mutter sagte ich, deine Tochter wird meine Frau werden. Nun wurde es mit Alkohol und Drogen schlimmer. Schamanismus, Horoskope, Tarott &#8211; Engelskarten, sowie Hexen, Zauberkult und Totenbeschw\u00f6rungen waren meine Besch\u00e4ftigung. Ich war auf der Suche nach Licht, denn ich befand mich in Dunkelheit. 1999 machte ich in Folge von Alkohol und Drogenmi\u00dfbrauch einen Selbstmordversuch. Ich schnitt mir die Pulsader auf und schaute zu wie mein Blut aus mir trief. Alle meine Gliedma\u00dfen wurden kalt und ich konnte mich nicht mehr bewegen. Mein Kopf war tot, nur in meinem Herzen ging es noch ab und dann schwarz. Aufeinmal war ich in einem wundervollenm Licht, ich habe mich wohlgef\u00fchlt. Hier war ich frei, hier wollte ich bleiben. Dann h\u00f6rte ich diese Stimme, warmherzig ja liebevoll, m\u00e4nnlich, kraftvoll und vertrauensw\u00fcrdig, welche sagte :\u201e Willst Du die Dinge tun, die ich Dir sagen werde ?\u201c Wow. Ja sagte ich und ich war wieder zur\u00fcck in meinem K\u00f6rper und \u00c4rzte hantierten an mir rum. Diese flickten mich zusammen und brachten mich in die geschlossene Anstalt f\u00fcr eine gute Woche. Dort bekam ich Pillen, welche absolute Zeitlupe mit mir machten. Trennung von meiner jetzigen Frau. Ich war allein. Bei einer Freundin im Gartenhaus kam ich unter. Diana fehlte mir schon und ich versuchte mit ihr in Kontakt zu kommen. Sie meinte, das mit uns w\u00fcrde nur funktionieren, wenn ich mit Ihr zur Kirche gehe. Ich hatte keinen Bock daf\u00fcr. Nach 2 Wochen sagte ich Diana zu und sie nahm mich mit zur Kirche ( miteinander e.V. ). Oh je ! Diese Lieder, welche dort gesungen wurden, hebr\u00e4ische und deutsche. Sie machten das ich nur heulte, ich, Gro\u00dfkotz und Ultraman. Na ja f\u00fcr mich war klar, da gehste nicht mehr hin. Nach weiteren 2 Wochen wollte ich mich mit Diana treffen, sie meinte, nur Kirche. Na gut ich fuhr wieder mit. W\u00e4hrend der Lieder, ich heulte wieder, sagte Sie mir ich m\u00fc\u00dfte zum Pastor gehn und ihm sagen was ich alles gemacht h\u00e4tte und warum ich \u00fcberhaupt hier sei. Nein war meine Antwort. Ihre Antwort war Feigling ! Das ging gar nicht. Also machte ich mich auf zum Pastor, welcher mich freundlich anschaute und bis so auf 1,5 m kam ich zu ihm, urpl\u00f6tzlich war ich auf meinen Knien. Schreck, 1000 Gedanken gingen mir durch den Kopf, ich sprang auf in Kampfhaltung, schaute hinter mich, nichts, da war niemand erst 3-4 Meter hinter mir. So wandte ich mich zum Pastor und fragte ihn frech, was soll das hier. Dieser sah mich nur an, ganz normal und sagte erz\u00e4hl. Es sprudelte aus mir heraus, dann fragte er mich ob er f\u00fcr mich beten d\u00fcrfe. Ok, sagte ich. Pastor legte seine beiden H\u00e4nde mir auf die Schultern und betete, anfangs bekam ich noch mit, dann aber sp\u00fcrte ich eine Hitze an und in mir und Strom, ich habe gewackelt wie ein Sch\u00fcttelhammer. So, darafhin ging ich jeden Dienstag und Sonntags, wenn ich frei hatte, zum Gottesdienst dorthin bis heute. 2000 fuhr ich mit auf Israel und wurde dort im Jordan von unserem Pastor, Helmut Ziegler, getauft. Zur FGBFMI, Christen im Beruf, bin ich auch gegangen und Mitglied geworden. 2001 heirateten Diana und ich standesamtlich und 2003 in Israel auf dem Berg Tabor. Seit Israel hat sich Alles, aber auch Alles in mir und mit mir ver\u00e4ndert. Gott hat mir ein neues Leben geschenkt. Gott hat mich von Angst, Alkohol und Drogen frei gemacht.Und ich will leben, achte und respektiere Leben. Gott f\u00fchrt und macht mein Leben, ohne Gott geht bei mir nichts mehr. Nat\u00fcrlich habe ich meinen Kopf, Gef\u00fchle und so einiges anderes gelebt. Selbstverst\u00e4ndlich auch meine Erfahrungen damit gemacht und bin immerwieder bei Gott gelandet. Und so frage ich vorher. Gott ist mir der beste Vater geworden. Jesus ist mir Wahrhaftigkeit geworden. Und der Heilige Geist mein bester Freund. Alles was ich fr\u00fcher begann und tat ging kaputt, landete im Chaos und Unordnung. Nun nicht mehr, ich liebe Gottes Ordnung und lebe diese, immer mehr. Durch Gott lasse ich mich schulen und st\u00e4rken. Durch Gott habe ich mich lieben gelernt, meine Frau und meine Mitmenschen. 2012 bin ich auf Lion of Judah gesto\u00dfen. Bin dort im Motorcycle Ministry und Lion for Israel Dienst mit meiner Frau t\u00e4tig. Hier f\u00fchlen wir uns wohl und leben Familie. Gott hat mit mir seinen Plan, welchen ich vereiteln wollte durch waghalsiges Verhalten bis hin zum Suizid. Nicht nur einmal hat er mich vorm Tode bewahrt, \u00f6fter. Gott will mich gebrauchen, daf\u00fcr bin ich sehr dankbar. Und so wie es Gott, ich meine den Gott Israels, den Gott Abraham\u2019s, Isaak\u2019s und Jakobs gibt, gibt es auch den Teufel, Satan und die H\u00f6lle. Hier beschrieben ist der Beweis daf\u00fcr, vom Satansknecht zum Gotteskind und nun zum Mann Gottes. Danke Gott. Dein Ralf<\/p>\n","protected":false},"excerpt":{"rendered":"<p>Am 29. Mai 1963 erblicke ich, Ralf Brecht, das Licht, die Welt. Meine Mutter Hausfrau, mein Vater Zeitsoldat und mein 2 Jahre \u00e4lterer Bruder Eric. 1968 kommt meine Schwester Christine hinzu. Durch meines Vaters Beruf ziehen wir oft um. 1972 landen wir in einem 300 Seelen Dorf \u201eBieste\u201c im Landkreis Osnabr\u00fcck. Was ich bis hier [&hellip;]<\/p>\n","protected":false},"author":1,"featured_media":0,"parent":0,"menu_order":0,"comment_status":"closed","ping_status":"closed","template":"","meta":{"footnotes":""},"class_list":["post-228","page","type-page","status-publish","hentry"],"_links":{"self":[{"href":"https:\/\/churchathome.lion-of-judah.net\/index.php?rest_route=\/wp\/v2\/pages\/228","targetHints":{"allow":["GET"]}}],"collection":[{"href":"https:\/\/churchathome.lion-of-judah.net\/index.php?rest_route=\/wp\/v2\/pages"}],"about":[{"href":"https:\/\/churchathome.lion-of-judah.net\/index.php?rest_route=\/wp\/v2\/types\/page"}],"author":[{"embeddable":true,"href":"https:\/\/churchathome.lion-of-judah.net\/index.php?rest_route=\/wp\/v2\/users\/1"}],"replies":[{"embeddable":true,"href":"https:\/\/churchathome.lion-of-judah.net\/index.php?rest_route=%2Fwp%2Fv2%2Fcomments&post=228"}],"version-history":[{"count":0,"href":"https:\/\/churchathome.lion-of-judah.net\/index.php?rest_route=\/wp\/v2\/pages\/228\/revisions"}],"wp:attachment":[{"href":"https:\/\/churchathome.lion-of-judah.net\/index.php?rest_route=%2Fwp%2Fv2%2Fmedia&parent=228"}],"curies":[{"name":"wp","href":"https:\/\/api.w.org\/{rel}","templated":true}]}}